{"id":464,"date":"2019-07-16T15:08:35","date_gmt":"2019-07-16T13:08:35","guid":{"rendered":"https:\/\/hotelcosmopolitain.com\/legal-notices\/"},"modified":"2019-12-06T09:49:38","modified_gmt":"2019-12-06T08:49:38","slug":"legal-notices","status":"publish","type":"page","link":"https:\/\/hotelcosmopolitain.com\/en\/legal-notices\/","title":{"rendered":"Legal notices"},"content":{"rendered":"<p>[et_pb_section fb_built=&#8221;1&#8243; _builder_version=&#8221;3.24.1&#8243; background_color=&#8221;rgba(0,0,0,0.02)&#8221; custom_padding=&#8221;0px|0px|0px|0px||&#8221;][et_pb_row column_structure=&#8221;1_2,1_2&#8243; use_custom_gutter=&#8221;on&#8221; gutter_width=&#8221;1&#8243; custom_padding=&#8221;0px||0px||true&#8221; custom_margin=&#8221;0px||0px||true&#8221; make_equal=&#8221;on&#8221; custom_padding_last_edited=&#8221;on|desktop&#8221; padding_top_bottom_link_1=&#8221;true&#8221; padding_top_bottom_link_2=&#8221;true&#8221; padding_left_right_link_2=&#8221;true&#8221; _builder_version=&#8221;3.26.2&#8243; background_color=&#8221;#ffffff&#8221; width=&#8221;100%&#8221; max_width=&#8221;1500px&#8221; module_alignment=&#8221;center&#8221;][et_pb_column type=&#8221;1_2&#8243; module_class=&#8221;v-center et_pb_row_fullwidth&#8221; _builder_version=&#8221;3.26.2&#8243; background_color=&#8221;#100c08&#8243; custom_padding=&#8221;33%||33%|&#8221; custom_padding_tablet=&#8221;6%||6%||true&#8221; custom_padding_last_edited=&#8221;on|tablet&#8221; custom_padding__hover=&#8221;|||&#8221;][et_pb_image src=&#8221;https:\/\/hotelcosmopolitain.com\/wp-content\/uploads\/2019\/06\/picto_Hotel_cosmopolitain.png&#8221; align=&#8221;center&#8221; disabled_on=&#8221;off|off|off&#8221; _builder_version=&#8221;3.24.1&#8243; background_color=&#8221;rgba(0,0,0,0)&#8221;][\/et_pb_image][\/et_pb_column][et_pb_column type=&#8221;1_2&#8243; _builder_version=&#8221;3.25&#8243; custom_padding=&#8221;3%|3%|3%|3%&#8221; custom_padding_tablet=&#8221;75px||75px||true&#8221; custom_padding_phone=&#8221;50px||50px||true&#8221; custom_padding_last_edited=&#8221;on|tablet&#8221; custom_padding__hover=&#8221;|||&#8221;][et_pb_text _builder_version=&#8221;3.24.1&#8243; text_font=&#8221;||||||||&#8221; header_font=&#8221;||||||||&#8221; header_2_font=&#8221;|||on|||||&#8221; header_2_text_align=&#8221;center&#8221; header_2_font_size=&#8221;20px&#8221;]<\/p>\n<h2>Legal notices<\/h2>\n<p>[\/et_pb_text][et_pb_divider _builder_version=&#8221;3.26.2&#8243; width=&#8221;50%&#8221; module_alignment=&#8221;center&#8221; custom_margin=&#8221;||40px||false|false&#8221;][\/et_pb_divider][et_pb_text _builder_version=&#8221;3.26.2&#8243; text_font=&#8221;||||||||&#8221; text_text_align=&#8221;left&#8221; custom_margin=&#8221;||100px&#8221; header_2_line_height=&#8221;1.7em&#8221;]<\/p>\n<h2>Website of SARL ALFH<\/h2>\n<p>Headquarters :\u00a01\u00a0rue gambetta 64200 Biarritz<br \/>\nPhone :\u00a005\u00a059 24 04 89<br \/>\nE-mail :\u00a0info@hotelcosmopolitain.com<br \/>\nCapital social :\u00a01 700 000,00 \u20ac<br \/>\nSIRET :\u00a0848 344 354 000 16<br \/>\nRCS 848 344 354 R.C.S Bayoone<br \/>\nTVA : FR36 84 83 44 354<\/p>\n<h2>Publication author:<\/h2>\n<p><strong>Arnaud LABEDAN<\/strong><\/p>\n<h2>Website creation:<\/h2>\n<p><a href=\"https:\/\/3615sharon.com\" target=\"_blank\" rel=\"noopener noreferrer\">3615Sharon<\/a><\/p>\n<h2>Copyright:<\/h2>\n<p><a href=\"https:\/\/www.euskalzoom360.fr\" target=\"_blank\" rel=\"noopener noreferrer\">Jean-Christophe DUGUET<\/a><\/p>\n<h2><\/h2>\n<h2>Host:<\/h2>\n<p><strong>OVH<\/strong><br \/>\nPhone :\u00a01007<br \/>\nAddress :\u00a02 rue Kellermann\u00a059100 ROUBAIX<\/p>\n<h2>Properties:<\/h2>\n<p>Le site et les informations qu\u2019il contient sont prot\u00e9g\u00e9s par la loi fran\u00e7aise sur la propri\u00e9t\u00e9 intellectuelle et par les conventions internationales. Hors utilisation dans le cercle de famille ou usage priv\u00e9, le site et aucun \u00e9l\u00e9ment de son contenu ne peuvent \u00eatre reproduits, republi\u00e9s, retranscrits, modifies ou retransmis sans l\u2019autorisation pr\u00e9alable des ayants droit.[\/et_pb_text][\/et_pb_column][\/et_pb_row][\/et_pb_section][et_pb_section fb_built=&#8221;1&#8243; _builder_version=&#8221;3.24.1&#8243; background_color=&#8221;rgba(0,0,0,0.02)&#8221; border_color_top=&#8221;#c7b98f&#8221; border_color_bottom=&#8221;#c7b98f&#8221; custom_padding=&#8221;0px||0px||true&#8221; global_module=&#8221;43&#8243; saved_tabs=&#8221;all&#8221;][et_pb_row use_custom_gutter=&#8221;on&#8221; gutter_width=&#8221;1&#8243; _builder_version=&#8221;3.25&#8243; background_color=&#8221;#ffffff&#8221; border_width_top=&#8221;1px&#8221; border_color_top=&#8221;#c7b98f&#8221; border_width_bottom=&#8221;1px&#8221; border_color_bottom=&#8221;#c7b98f&#8221; width=&#8221;100%&#8221; max_width=&#8221;1500px&#8221;][et_pb_column type=&#8221;4_4&#8243; _builder_version=&#8221;3.25&#8243; custom_padding=&#8221;|||&#8221; custom_padding__hover=&#8221;|||&#8221;][et_pb_image src=&#8221;https:\/\/hotelcosmopolitain.com\/wp-content\/uploads\/2019\/06\/picto_Hotel_cosmopolitain-biarritz.png&#8221; align=&#8221;center&#8221; _builder_version=&#8221;3.24&#8243; width=&#8221;150px&#8221;][\/et_pb_image][\/et_pb_column][\/et_pb_row][\/et_pb_section][et_pb_section fb_built=&#8221;1&#8243; disabled_on=&#8221;on|on|off&#8221; _builder_version=&#8221;3.24.1&#8243; background_color=&#8221;rgba(0,0,0,0.02)&#8221; custom_padding=&#8221;0px||0px|||&#8221; global_module=&#8221;44&#8243; saved_tabs=&#8221;all&#8221;][et_pb_row column_structure=&#8221;1_2,1_2&#8243; custom_padding=&#8221;|20px||20px||true&#8221; make_equal=&#8221;on&#8221; _builder_version=&#8221;3.25&#8243; background_color=&#8221;#ffffff&#8221; width=&#8221;100%&#8221; max_width=&#8221;1500px&#8221;][et_pb_column type=&#8221;1_2&#8243; _builder_version=&#8221;3.25&#8243; custom_padding=&#8221;|||&#8221; custom_padding__hover=&#8221;|||&#8221;][et_pb_image src=&#8221;https:\/\/hotelcosmopolitain.com\/wp-content\/uploads\/2019\/06\/Logo-hotel-cosmopolitain-biarritz-M-OR.png&#8221; _builder_version=&#8221;3.24.1&#8243; width=&#8221;200px&#8221;][\/et_pb_image][et_pb_text _builder_version=&#8221;3.26.2&#8243; header_font=&#8221;||||||||&#8221; header_4_font=&#8221;||||||||&#8221; header_4_font_size=&#8221;13px&#8221;]<\/p>\n<h4>1 Rue Gambetta, 64200 Biarritz<\/h4>\n<h4>05 59 24 04 89 (7 \/ 7 from 7.00 a.m. to 2.00 a.m.)<\/h4>\n<h4><a href=\"mailto:info@hotelcosmopolitain.com\" target=\"_blank\" rel=\"noopener noreferrer\">info@hotelcosmopolitain.com<\/a><\/h4>\n<h4><span style=\"color: #c7b98f;\"><a href=\"https:\/\/hotelcosmopolitain.com\/en\/legal-notices\/\" style=\"color: #c7b98f;\">Mentions l\u00e9gales<\/a><\/span><\/h4>\n<p>[\/et_pb_text][\/et_pb_column][et_pb_column type=&#8221;1_2&#8243; _builder_version=&#8221;3.25&#8243; custom_padding=&#8221;|||&#8221; custom_padding__hover=&#8221;|||&#8221;][et_pb_social_media_follow _builder_version=&#8221;3.24.1&#8243; text_orientation=&#8221;right&#8221;][et_pb_social_media_follow_network social_network=&#8221;facebook&#8221; url=&#8221;https:\/\/www.facebook.com\/hotelcosmopolitain&#8221; _builder_version=&#8221;3.24.1&#8243; background_color=&#8221;#c7b98f&#8221; follow_button=&#8221;off&#8221; url_new_window=&#8221;on&#8221;]facebook[\/et_pb_social_media_follow_network][et_pb_social_media_follow_network social_network=&#8221;instagram&#8221; url=&#8221;https:\/\/www.instagram.com\/hotelcosmopolitain\/&#8221; _builder_version=&#8221;3.24.1&#8243; background_color=&#8221;#c7b98f&#8221; follow_button=&#8221;off&#8221; url_new_window=&#8221;on&#8221;]instagram[\/et_pb_social_media_follow_network][et_pb_social_media_follow_network social_network=&#8221;linkedin&#8221; url=&#8221;https:\/\/www.linkedin.com\/company\/h%C3%B4tel-cosmopolitain-biarritz\/&#8221; _builder_version=&#8221;3.24.1&#8243; background_color=&#8221;#c7b98f&#8221; follow_button=&#8221;off&#8221; url_new_window=&#8221;on&#8221;]linkedin[\/et_pb_social_media_follow_network][\/et_pb_social_media_follow][et_pb_text _builder_version=&#8221;3.24.1&#8243; header_font=&#8221;||||||||&#8221; header_4_font=&#8221;||||||||&#8221; header_4_text_align=&#8221;right&#8221; header_4_text_color=&#8221;#c7b98f&#8221; header_4_font_size=&#8221;13px&#8221; custom_css_main_element=&#8221;position: absolute; ||bottom: 0; ||right: 0;||margin: auto;&#8221;]<\/p>\n<h4>Website creation <a href=\"https:\/\/3615sharon.com\" target=\"_blank\" rel=\"noopener noreferrer\" title=\"Website creation\">3615Sharon<\/a><\/h4>\n<p>[\/et_pb_text][\/et_pb_column][\/et_pb_row][\/et_pb_section][et_pb_section fb_built=&#8221;1&#8243; disabled_on=&#8221;off|off|on&#8221; _builder_version=&#8221;3.26.2&#8243; global_module=&#8221;87&#8243; saved_tabs=&#8221;all&#8221;][et_pb_row _builder_version=&#8221;3.25&#8243;][et_pb_column type=&#8221;4_4&#8243; _builder_version=&#8221;3.25&#8243; custom_padding=&#8221;|||&#8221; custom_padding__hover=&#8221;|||&#8221;][et_pb_image src=&#8221;https:\/\/hotelcosmopolitain.com\/wp-content\/uploads\/2019\/06\/Logo-hotel-cosmopolitain-biarritz-M-OR.png&#8221; align=&#8221;center&#8221; _builder_version=&#8221;3.24&#8243; width=&#8221;200px&#8221;][\/et_pb_image][et_pb_text _builder_version=&#8221;3.24.1&#8243; header_font=&#8221;||||||||&#8221; header_4_font=&#8221;||||||||&#8221; header_4_text_align=&#8221;center&#8221; header_4_font_size=&#8221;13px&#8221;]<\/p>\n<h4>1 Rue Gambetta, 64200 Biarritz<\/h4>\n<h4>05 59 24 04 89 (7 \/ 7 from 7.00 a.m. to 2.00 a.m.)<\/h4>\n<h4><a href=\"mailto:info@hotelcosmopolitain.com\" target=\"_blank\" rel=\"noopener noreferrer\">info@hotelcosmopolitain.com<\/a><\/h4>\n<p>[\/et_pb_text][et_pb_social_media_follow _builder_version=&#8221;3.24.1&#8243; text_orientation=&#8221;center&#8221;][et_pb_social_media_follow_network social_network=&#8221;facebook&#8221; url=&#8221;https:\/\/www.facebook.com\/hotelcosmopolitain&#8221; _builder_version=&#8221;3.24.1&#8243; background_color=&#8221;#c7b98f&#8221; follow_button=&#8221;off&#8221; url_new_window=&#8221;on&#8221;]facebook[\/et_pb_social_media_follow_network][et_pb_social_media_follow_network social_network=&#8221;instagram&#8221; url=&#8221;https:\/\/www.instagram.com\/hotelcosmopolitain\/&#8221; _builder_version=&#8221;3.24.1&#8243; background_color=&#8221;#c7b98f&#8221; follow_button=&#8221;off&#8221; url_new_window=&#8221;on&#8221;]instagram[\/et_pb_social_media_follow_network][et_pb_social_media_follow_network social_network=&#8221;linkedin&#8221; url=&#8221;https:\/\/www.linkedin.com\/company\/h%C3%B4tel-cosmopolitain-biarritz\/&#8221; _builder_version=&#8221;3.24.1&#8243; background_color=&#8221;#c7b98f&#8221; follow_button=&#8221;off&#8221; url_new_window=&#8221;on&#8221;]linkedin[\/et_pb_social_media_follow_network][\/et_pb_social_media_follow][et_pb_text _builder_version=&#8221;3.24.1&#8243; header_font=&#8221;||||||||&#8221; header_4_font=&#8221;||||||||&#8221; header_4_text_align=&#8221;center&#8221; header_4_text_color=&#8221;#c7b98f&#8221; header_4_font_size=&#8221;13px&#8221;]<\/p>\n<h4>Website creation <a href=\"https:\/\/3615sharon.com\" target=\"_blank\" rel=\"noopener noreferrer\" title=\"Website creation\">3615Sharon<\/a><\/h4>\n<p>[\/et_pb_text][\/et_pb_column][\/et_pb_row][\/et_pb_section]<\/p>\n","protected":false},"excerpt":{"rendered":"<p>Legal noticesWebsite of SARL ALFH Headquarters :\u00a01\u00a0rue gambetta 64200 Biarritz Phone :\u00a005\u00a059 24 04 89 E-mail :\u00a0info@hotelcosmopolitain.com Capital social :\u00a01 700 000,00 \u20ac SIRET :\u00a0848 344 354 000 16 RCS 848 344 354 R.C.S Bayoone TVA : FR36 84 83 44 354 Publication author: Arnaud LABEDAN Website creation: 3615Sharon Copyright: Jean-Christophe DUGUET Host: OVH Phone [&hellip;]<\/p>\n","protected":false},"author":4,"featured_media":0,"parent":0,"menu_order":0,"comment_status":"closed","ping_status":"closed","template":"","meta":{"_et_pb_use_builder":"on","_et_pb_old_content":"","_et_gb_content_width":""},"yoast_head":"<!-- This site is optimized with the Yoast SEO plugin v20.9 - https:\/\/yoast.com\/wordpress\/plugins\/seo\/ -->\n<title>Legal notices - Hotel Cosmopolitain<\/title>\n<meta name=\"description\" content=\"Publication author: Arnaud Labedan - Website creation: 3615Sharon - https:\/\/3615sharon.com - Host OVH\" \/>\n<meta name=\"robots\" content=\"index, follow, max-snippet:-1, max-image-preview:large, max-video-preview:-1\" \/>\n<link rel=\"canonical\" href=\"https:\/\/hotelcosmopolitain.com\/en\/legal-notices\/\" \/>\n<meta property=\"og:locale\" content=\"en_US\" \/>\n<meta property=\"og:type\" content=\"article\" \/>\n<meta property=\"og:title\" content=\"Legal notices - Hotel Cosmopolitain\" \/>\n<meta property=\"og:description\" content=\"Publication author: Arnaud Labedan - Website creation: 3615Sharon - https:\/\/3615sharon.com - Host OVH\" \/>\n<meta property=\"og:url\" content=\"https:\/\/hotelcosmopolitain.com\/en\/legal-notices\/\" \/>\n<meta property=\"og:site_name\" content=\"Hotel Cosmopolitain\" \/>\n<meta property=\"article:modified_time\" content=\"2019-12-06T08:49:38+00:00\" \/>\n<meta property=\"og:image\" content=\"https:\/\/hotelcosmopolitain.com\/wp-content\/uploads\/2019\/06\/cropped-picto_Hotel_cosmopolitain-biarritz.png\" \/>\n\t<meta property=\"og:image:width\" content=\"512\" \/>\n\t<meta property=\"og:image:height\" content=\"512\" \/>\n\t<meta property=\"og:image:type\" content=\"image\/png\" \/>\n<meta name=\"twitter:card\" content=\"summary_large_image\" \/>\n<meta name=\"twitter:label1\" content=\"Est. reading time\" \/>\n\t<meta name=\"twitter:data1\" content=\"5 minutes\" \/>\n<script type=\"application\/ld+json\" class=\"yoast-schema-graph\">{\"@context\":\"https:\/\/schema.org\",\"@graph\":[{\"@type\":\"WebPage\",\"@id\":\"https:\/\/hotelcosmopolitain.com\/en\/legal-notices\/\",\"url\":\"https:\/\/hotelcosmopolitain.com\/en\/legal-notices\/\",\"name\":\"Legal notices - Hotel Cosmopolitain\",\"isPartOf\":{\"@id\":\"https:\/\/hotelcosmopolitain.com\/en\/#website\"},\"datePublished\":\"2019-07-16T13:08:35+00:00\",\"dateModified\":\"2019-12-06T08:49:38+00:00\",\"description\":\"Publication author: Arnaud Labedan - Website creation: 3615Sharon - https:\/\/3615sharon.com - Host OVH\",\"breadcrumb\":{\"@id\":\"https:\/\/hotelcosmopolitain.com\/en\/legal-notices\/#breadcrumb\"},\"inLanguage\":\"en-US\",\"potentialAction\":[{\"@type\":\"ReadAction\",\"target\":[\"https:\/\/hotelcosmopolitain.com\/en\/legal-notices\/\"]}]},{\"@type\":\"BreadcrumbList\",\"@id\":\"https:\/\/hotelcosmopolitain.com\/en\/legal-notices\/#breadcrumb\",\"itemListElement\":[{\"@type\":\"ListItem\",\"position\":1,\"name\":\"Accueil\",\"item\":\"https:\/\/hotelcosmopolitain.com\/en\/\"},{\"@type\":\"ListItem\",\"position\":2,\"name\":\"Legal notices\"}]},{\"@type\":\"WebSite\",\"@id\":\"https:\/\/hotelcosmopolitain.com\/en\/#website\",\"url\":\"https:\/\/hotelcosmopolitain.com\/en\/\",\"name\":\"Hotel Cosmopolitain\",\"description\":\"Biarritz - France\",\"alternateName\":\"Hotel Cosmopolitain\",\"potentialAction\":[{\"@type\":\"SearchAction\",\"target\":{\"@type\":\"EntryPoint\",\"urlTemplate\":\"https:\/\/hotelcosmopolitain.com\/en\/?s={search_term_string}\"},\"query-input\":\"required name=search_term_string\"}],\"inLanguage\":\"en-US\"}]}<\/script>\n<!-- \/ Yoast SEO plugin. -->","yoast_head_json":{"title":"Legal notices - Hotel Cosmopolitain","description":"Publication author: Arnaud Labedan - Website creation: 3615Sharon - https:\/\/3615sharon.com - Host OVH","robots":{"index":"index","follow":"follow","max-snippet":"max-snippet:-1","max-image-preview":"max-image-preview:large","max-video-preview":"max-video-preview:-1"},"canonical":"https:\/\/hotelcosmopolitain.com\/en\/legal-notices\/","og_locale":"en_US","og_type":"article","og_title":"Legal notices - Hotel Cosmopolitain","og_description":"Publication author: Arnaud Labedan - Website creation: 3615Sharon - https:\/\/3615sharon.com - Host OVH","og_url":"https:\/\/hotelcosmopolitain.com\/en\/legal-notices\/","og_site_name":"Hotel Cosmopolitain","article_modified_time":"2019-12-06T08:49:38+00:00","og_image":[{"width":512,"height":512,"url":"https:\/\/hotelcosmopolitain.com\/wp-content\/uploads\/2019\/06\/cropped-picto_Hotel_cosmopolitain-biarritz.png","type":"image\/png"}],"twitter_card":"summary_large_image","twitter_misc":{"Est. reading time":"5 minutes"},"schema":{"@context":"https:\/\/schema.org","@graph":[{"@type":"WebPage","@id":"https:\/\/hotelcosmopolitain.com\/en\/legal-notices\/","url":"https:\/\/hotelcosmopolitain.com\/en\/legal-notices\/","name":"Legal notices - Hotel Cosmopolitain","isPartOf":{"@id":"https:\/\/hotelcosmopolitain.com\/en\/#website"},"datePublished":"2019-07-16T13:08:35+00:00","dateModified":"2019-12-06T08:49:38+00:00","description":"Publication author: Arnaud Labedan - Website creation: 3615Sharon - https:\/\/3615sharon.com - Host OVH","breadcrumb":{"@id":"https:\/\/hotelcosmopolitain.com\/en\/legal-notices\/#breadcrumb"},"inLanguage":"en-US","potentialAction":[{"@type":"ReadAction","target":["https:\/\/hotelcosmopolitain.com\/en\/legal-notices\/"]}]},{"@type":"BreadcrumbList","@id":"https:\/\/hotelcosmopolitain.com\/en\/legal-notices\/#breadcrumb","itemListElement":[{"@type":"ListItem","position":1,"name":"Accueil","item":"https:\/\/hotelcosmopolitain.com\/en\/"},{"@type":"ListItem","position":2,"name":"Legal notices"}]},{"@type":"WebSite","@id":"https:\/\/hotelcosmopolitain.com\/en\/#website","url":"https:\/\/hotelcosmopolitain.com\/en\/","name":"Hotel Cosmopolitain","description":"Biarritz - France","alternateName":"Hotel Cosmopolitain","potentialAction":[{"@type":"SearchAction","target":{"@type":"EntryPoint","urlTemplate":"https:\/\/hotelcosmopolitain.com\/en\/?s={search_term_string}"},"query-input":"required name=search_term_string"}],"inLanguage":"en-US"}]}},"_links":{"self":[{"href":"https:\/\/hotelcosmopolitain.com\/en\/wp-json\/wp\/v2\/pages\/464"}],"collection":[{"href":"https:\/\/hotelcosmopolitain.com\/en\/wp-json\/wp\/v2\/pages"}],"about":[{"href":"https:\/\/hotelcosmopolitain.com\/en\/wp-json\/wp\/v2\/types\/page"}],"author":[{"embeddable":true,"href":"https:\/\/hotelcosmopolitain.com\/en\/wp-json\/wp\/v2\/users\/4"}],"replies":[{"embeddable":true,"href":"https:\/\/hotelcosmopolitain.com\/en\/wp-json\/wp\/v2\/comments?post=464"}],"version-history":[{"count":5,"href":"https:\/\/hotelcosmopolitain.com\/en\/wp-json\/wp\/v2\/pages\/464\/revisions"}],"predecessor-version":[{"id":653,"href":"https:\/\/hotelcosmopolitain.com\/en\/wp-json\/wp\/v2\/pages\/464\/revisions\/653"}],"wp:attachment":[{"href":"https:\/\/hotelcosmopolitain.com\/en\/wp-json\/wp\/v2\/media?parent=464"}],"curies":[{"name":"wp","href":"https:\/\/api.w.org\/{rel}","templated":true}]}}