{"id":632,"date":"2019-12-06T09:38:04","date_gmt":"2019-12-06T08:38:04","guid":{"rendered":"https:\/\/hotelcosmopolitain.com\/contacto\/"},"modified":"2019-12-06T10:45:32","modified_gmt":"2019-12-06T09:45:32","slug":"contacto","status":"publish","type":"page","link":"https:\/\/hotelcosmopolitain.com\/es\/contacto\/","title":{"rendered":"Contacto"},"content":{"rendered":"\n[et_pb_section fb_built=\u00bb1&#8243; fullwidth=\u00bbon\u00bb _builder_version=\u00bb3.24.1&#8243;][et_pb_fullwidth_map address=\u00bb1 Rue Gambetta, 64200 Biarritz, France\u00bb zoom_level=\u00bb16&#8243; address_lat=\u00bb43.482036&#8243; address_lng=\u00bb-1.561905&#8243; mouse_wheel=\u00bboff\u00bb _builder_version=\u00bb3.24.1&#8243; child_filter_saturate=\u00bb30%\u00bb child_filter_brightness=\u00bb80%\u00bb child_filter_sepia=\u00bb30%\u00bb][et_pb_map_pin title=\u00bbH\u00f4tel Cosmopolitain\u00bb pin_address=\u00bb1 Rue Gambetta, 64200 Biarritz, France\u00bb zoom_level=\u00bb14&#8243; pin_address_lat=\u00bb43.482036&#8243; pin_address_lng=\u00bb-1.561905&#8243; _builder_version=\u00bb3.24.1&#8243;][\/et_pb_map_pin][\/et_pb_fullwidth_map][\/et_pb_section][et_pb_section fb_built=\u00bb1&#8243; _builder_version=\u00bb3.24.1&#8243; background_color=\u00bbrgba(0,0,0,0.02)\u00bb custom_padding=\u00bb0px|0px|0px|0px||\u00bb][et_pb_row use_custom_gutter=\u00bbon\u00bb gutter_width=\u00bb1&#8243; custom_padding=\u00bb0px||0px|||\u00bb custom_margin=\u00bb0px|0px|0px|0px||\u00bb make_equal=\u00bbon\u00bb custom_padding_last_edited=\u00bbon|desktop\u00bb padding_left_right_link_2=\u00bbtrue\u00bb module_class=\u00bbv-center et_pb_row_fullwidth\u00bb _builder_version=\u00bb3.25&#8243; background_color=\u00bb#ffffff\u00bb width=\u00bb100%\u00bb max_width=\u00bb1500px\u00bb module_alignment=\u00bbcenter\u00bb column_structure=\u00bb1_2,1_2&#8243;][et_pb_column type=\u00bb1_2&#8243; _builder_version=\u00bb3.25&#8243; custom_padding=\u00bb|||\u00bb custom_padding__hover=\u00bb|||\u00bb][et_pb_image src=\u00bbhttps:\/\/hotelcosmopolitain.com\/wp-content\/uploads\/2019\/07\/contact-hotel-cosmopolitain-biarritz-basque-mobile.jpg\u00bb disabled_on=\u00bboff|off|off\u00bb _builder_version=\u00bb3.24.1&#8243;][\/et_pb_image][\/et_pb_column][et_pb_column type=\u00bb1_2&#8243; _builder_version=\u00bb3.25&#8243; custom_padding=\u00bb|10%||10%\u00bb custom_padding_tablet=\u00bb75px||75px||true\u00bb custom_padding_phone=\u00bb50px||50px||true\u00bb custom_padding_last_edited=\u00bbon|tablet\u00bb custom_padding__hover=\u00bb|||\u00bb][et_pb_text _builder_version=\u00bb3.24.1&#8243; text_font=\u00bb||||||||\u00bb header_font=\u00bb||||||||\u00bb header_2_font=\u00bb|||on|||||\u00bb header_2_text_align=\u00bbcenter\u00bb header_2_font_size=\u00bb20px\u00bb]<h2>Datos de contacto<\/h2>[\/et_pb_text][et_pb_divider _builder_version=\u00bb3.24.1&#8243; width=\u00bb50%\u00bb module_alignment=\u00bbcenter\u00bb][\/et_pb_divider][et_pb_text _builder_version=\u00bb3.24.1&#8243; text_font=\u00bb||||||||\u00bb text_text_align=\u00bbcenter\u00bb text_line_height=\u00bb2em\u00bb custom_margin=\u00bb||100px\u00bb]<p>1 Rue Gambetta<br \/> 64200 Biarritz &#8211; France<br \/> +33(0)5.59.24.04.89<br\/><a href=\"mailto:info@hotelcosmopolitain.com\">info@hotelcosmopolitain.com<\/a><\/p>[\/et_pb_text][et_pb_text _builder_version=\u00bb3.24.1&#8243; text_font=\u00bb||||||||\u00bb header_font=\u00bb||||||||\u00bb header_2_font=\u00bb|||on|||||\u00bb header_2_text_align=\u00bbcenter\u00bb header_2_font_size=\u00bb20px\u00bb]<h2>Horario<\/h2>[\/et_pb_text][et_pb_divider _builder_version=\u00bb3.24.1&#8243; width=\u00bb50%\u00bb module_alignment=\u00bbcenter\u00bb][\/et_pb_divider][et_pb_text _builder_version=\u00bb3.26.2&#8243; text_font=\u00bb||||||||\u00bb text_text_align=\u00bbcenter\u00bb text_line_height=\u00bb2em\u00bb]<p>Abierto todos los d\u00edas de la semana\r\nRecepci\u00f3n del hotel: de 7:00 a 2:00<\/p>[\/et_pb_text][\/et_pb_column][\/et_pb_row][\/et_pb_section][et_pb_section fb_built=\u00bb1&#8243; _builder_version=\u00bb3.24.1&#8243; background_color=\u00bbrgba(0,0,0,0.02)\u00bb border_color_top=\u00bb#c7b98f\u00bb border_color_bottom=\u00bb#c7b98f\u00bb custom_padding=\u00bb0px||0px||true\u00bb global_module=\u00bb43&#8243; saved_tabs=\u00bball\u00bb][et_pb_row use_custom_gutter=\u00bbon\u00bb gutter_width=\u00bb1&#8243; _builder_version=\u00bb3.25&#8243; background_color=\u00bb#ffffff\u00bb border_width_top=\u00bb1px\u00bb border_color_top=\u00bb#c7b98f\u00bb border_width_bottom=\u00bb1px\u00bb border_color_bottom=\u00bb#c7b98f\u00bb width=\u00bb100%\u00bb max_width=\u00bb1500px\u00bb][et_pb_column type=\u00bb4_4&#8243; _builder_version=\u00bb3.25&#8243; custom_padding=\u00bb|||\u00bb custom_padding__hover=\u00bb|||\u00bb][et_pb_image src=\u00bbhttps:\/\/hotelcosmopolitain.com\/wp-content\/uploads\/2019\/06\/picto_Hotel_cosmopolitain-biarritz.png\u00bb align=\u00bbcenter\u00bb _builder_version=\u00bb3.24&#8243; width=\u00bb150px\u00bb][\/et_pb_image][\/et_pb_column][\/et_pb_row][\/et_pb_section][et_pb_section fb_built=\u00bb1&#8243; disabled_on=\u00bbon|on|off\u00bb _builder_version=\u00bb3.24.1&#8243; background_color=\u00bbrgba(0,0,0,0.02)\u00bb custom_padding=\u00bb0px||0px|||\u00bb global_module=\u00bb44&#8243; saved_tabs=\u00bball\u00bb][et_pb_row column_structure=\u00bb1_2,1_2&#8243; custom_padding=\u00bb|20px||20px||true\u00bb make_equal=\u00bbon\u00bb _builder_version=\u00bb3.25&#8243; background_color=\u00bb#ffffff\u00bb width=\u00bb100%\u00bb max_width=\u00bb1500px\u00bb][et_pb_column type=\u00bb1_2&#8243; _builder_version=\u00bb3.25&#8243; custom_padding=\u00bb|||\u00bb custom_padding__hover=\u00bb|||\u00bb][et_pb_image src=\u00bbhttps:\/\/hotelcosmopolitain.com\/wp-content\/uploads\/2019\/06\/Logo-hotel-cosmopolitain-biarritz-M-OR.png\u00bb _builder_version=\u00bb3.24.1&#8243; width=\u00bb200px\u00bb][\/et_pb_image][et_pb_text _builder_version=\u00bb3.24.1&#8243; header_font=\u00bb||||||||\u00bb header_4_font=\u00bb||||||||\u00bb header_4_font_size=\u00bb13px\u00bb]<h4>1 Rue Gambetta, 64200 Biarritz<\/h4>\r\n<h4>+33 5 59 24 04 89 (Abierto todos los d\u00edas de la semana)<\/h4>\r\n<h4><a href=\"mailto:info@hotelcosmopolitain.com\" target=\"_blank\" rel=\"noopener noreferrer\">info@hotelcosmopolitain.com<\/a><\/h4>\r\n<h4><span style=\"color: #c7b98f;\"><a href=\"https:\/\/hotelcosmopolitain.com\/es\/aviso-legal\/\" style=\"color: #c7b98f;\">Aviso legal<\/a><\/span><\/h4>[\/et_pb_text][\/et_pb_column][et_pb_column type=\u00bb1_2&#8243; _builder_version=\u00bb3.25&#8243; custom_padding=\u00bb|||\u00bb custom_padding__hover=\u00bb|||\u00bb][et_pb_social_media_follow _builder_version=\u00bb3.24.1&#8243; text_orientation=\u00bbright\u00bb][et_pb_social_media_follow_network social_network=\u00bbfacebook\u00bb url=\u00bbhttps:\/\/www.facebook.com\/hotelcosmopolitain\u00bb _builder_version=\u00bb3.24.1&#8243; background_color=\u00bb#c7b98f\u00bb follow_button=\u00bboff\u00bb url_new_window=\u00bbon\u00bb]facebook[\/et_pb_social_media_follow_network][et_pb_social_media_follow_network social_network=\u00bbinstagram\u00bb url=\u00bbhttps:\/\/www.instagram.com\/hotelcosmopolitain\/\u00bb _builder_version=\u00bb3.24.1&#8243; background_color=\u00bb#c7b98f\u00bb follow_button=\u00bboff\u00bb url_new_window=\u00bbon\u00bb]instagram[\/et_pb_social_media_follow_network][et_pb_social_media_follow_network social_network=\u00bblinkedin\u00bb url=\u00bbhttps:\/\/www.linkedin.com\/company\/h%C3%B4tel-cosmopolitain-biarritz\/\u00bb _builder_version=\u00bb3.24.1&#8243; background_color=\u00bb#c7b98f\u00bb follow_button=\u00bboff\u00bb url_new_window=\u00bbon\u00bb]linkedin[\/et_pb_social_media_follow_network][\/et_pb_social_media_follow][et_pb_text _builder_version=\u00bb3.24.1&#8243; header_font=\u00bb||||||||\u00bb header_4_font=\u00bb||||||||\u00bb header_4_text_align=\u00bbright\u00bb header_4_text_color=\u00bb#c7b98f\u00bb header_4_font_size=\u00bb13px\u00bb custom_css_main_element=\u00bbposition: absolute; ||bottom: 0; ||right: 0;||margin: auto;\u00bb]<h4>Creaci\u00f3n del sitio<a href=\"https:\/\/3615sharon.com\" target=\"_blank\" rel=\"noopener noreferrer\" title=\"Website creation\">3615Sharon<\/a><\/h4>[\/et_pb_text][\/et_pb_column][\/et_pb_row][\/et_pb_section][et_pb_section fb_built=\u00bb1&#8243; disabled_on=\u00bboff|off|on\u00bb _builder_version=\u00bb3.24&#8243; global_module=\u00bb87&#8243; saved_tabs=\u00bball\u00bb][et_pb_row _builder_version=\u00bb3.25&#8243;][et_pb_column type=\u00bb4_4&#8243; _builder_version=\u00bb3.25&#8243; custom_padding=\u00bb|||\u00bb custom_padding__hover=\u00bb|||\u00bb][et_pb_image src=\u00bbhttps:\/\/hotelcosmopolitain.com\/wp-content\/uploads\/2019\/06\/Logo-hotel-cosmopolitain-biarritz-M-OR.png\u00bb align=\u00bbcenter\u00bb _builder_version=\u00bb3.24&#8243; width=\u00bb200px\u00bb][\/et_pb_image][et_pb_text _builder_version=\u00bb3.24.1&#8243; header_font=\u00bb||||||||\u00bb header_4_font=\u00bb||||||||\u00bb header_4_text_align=\u00bbcenter\u00bb header_4_font_size=\u00bb13px\u00bb]<h4>1 Rue Gambetta, 64200 Biarritz<\/h4>\r\n<h4>+33 5 59 24 04 89 (Abierto todos los d\u00edas de la semana)<\/h4>\r\n<h4><a href=\"mailto:info@hotelcosmopolitain.com\" target=\"_blank\" rel=\"noopener noreferrer\">info@hotelcosmopolitain.com<\/a><\/h4>[\/et_pb_text][et_pb_social_media_follow _builder_version=\u00bb3.24.1&#8243; text_orientation=\u00bbcenter\u00bb][et_pb_social_media_follow_network social_network=\u00bbfacebook\u00bb url=\u00bbhttps:\/\/www.facebook.com\/hotelcosmopolitain\u00bb _builder_version=\u00bb3.24.1&#8243; background_color=\u00bb#c7b98f\u00bb follow_button=\u00bboff\u00bb url_new_window=\u00bbon\u00bb]facebook[\/et_pb_social_media_follow_network][et_pb_social_media_follow_network social_network=\u00bbinstagram\u00bb url=\u00bbhttps:\/\/www.instagram.com\/hotelcosmopolitain\/\u00bb _builder_version=\u00bb3.24.1&#8243; background_color=\u00bb#c7b98f\u00bb follow_button=\u00bboff\u00bb url_new_window=\u00bbon\u00bb]instagram[\/et_pb_social_media_follow_network][et_pb_social_media_follow_network social_network=\u00bblinkedin\u00bb url=\u00bbhttps:\/\/www.linkedin.com\/company\/h%C3%B4tel-cosmopolitain-biarritz\/\u00bb _builder_version=\u00bb3.24.1&#8243; background_color=\u00bb#c7b98f\u00bb follow_button=\u00bboff\u00bb url_new_window=\u00bbon\u00bb]linkedin[\/et_pb_social_media_follow_network][\/et_pb_social_media_follow][et_pb_text _builder_version=\u00bb3.24.1&#8243; header_font=\u00bb||||||||\u00bb header_4_font=\u00bb||||||||\u00bb header_4_text_align=\u00bbcenter\u00bb header_4_text_color=\u00bb#c7b98f\u00bb header_4_font_size=\u00bb13px\u00bb]<h4>Creaci\u00f3n del sitio<a href=\"https:\/\/3615sharon.com\" target=\"_blank\" rel=\"noopener noreferrer\" title=\"Website creation\">3615Sharon<\/a><\/h4>[\/et_pb_text][\/et_pb_column][\/et_pb_row][\/et_pb_section]\n","protected":false},"excerpt":{"rendered":"<p>Datos de contacto1 Rue Gambetta 64200 Biarritz &#8211; France +33(0)5.59.24.04.89info@hotelcosmopolitain.comHorarioAbierto todos los d\u00edas de la semana Recepci\u00f3n del hotel: de 7:00 a 2:001 Rue Gambetta, 64200 Biarritz +33 5 59 24 04 89 (Abierto todos los d\u00edas de la semana) info@hotelcosmopolitain.com Aviso legalfacebookinstagramlinkedinCreaci\u00f3n del sitio3615Sharon1 Rue Gambetta, 64200 Biarritz +33 5 59 24 04 89 [&hellip;]<\/p>\n","protected":false},"author":4,"featured_media":0,"parent":0,"menu_order":0,"comment_status":"closed","ping_status":"closed","template":"","meta":{"_et_pb_use_builder":"on","_et_pb_old_content":"","_et_gb_content_width":""},"yoast_head":"<!-- This site is optimized with the Yoast SEO plugin v20.9 - https:\/\/yoast.com\/wordpress\/plugins\/seo\/ -->\n<title>Contacto - Hotel Cosmopolitain - Biarritz - France<\/title>\n<meta name=\"description\" content=\"1 Rue Gambetta - 64200 Biarritz +33(0)5.59.24.04.89 info@hotelcosmopolitain.com\" \/>\n<meta name=\"robots\" content=\"index, follow, max-snippet:-1, max-image-preview:large, max-video-preview:-1\" \/>\n<link rel=\"canonical\" href=\"https:\/\/hotelcosmopolitain.com\/es\/contacto\/\" \/>\n<meta property=\"og:locale\" content=\"es_ES\" \/>\n<meta property=\"og:type\" content=\"article\" \/>\n<meta property=\"og:title\" content=\"Contacto - Hotel Cosmopolitain - Biarritz - France\" \/>\n<meta property=\"og:description\" content=\"1 Rue Gambetta - 64200 Biarritz +33(0)5.59.24.04.89 info@hotelcosmopolitain.com\" \/>\n<meta property=\"og:url\" content=\"https:\/\/hotelcosmopolitain.com\/es\/contacto\/\" \/>\n<meta property=\"og:site_name\" content=\"Hotel Cosmopolitain\" \/>\n<meta property=\"article:modified_time\" content=\"2019-12-06T09:45:32+00:00\" \/>\n<meta property=\"og:image\" content=\"https:\/\/hotelcosmopolitain.com\/wp-content\/uploads\/2019\/06\/cropped-picto_Hotel_cosmopolitain-biarritz.png\" \/>\n\t<meta property=\"og:image:width\" content=\"512\" \/>\n\t<meta property=\"og:image:height\" content=\"512\" \/>\n\t<meta property=\"og:image:type\" content=\"image\/png\" \/>\n<meta name=\"twitter:card\" content=\"summary_large_image\" \/>\n<meta name=\"twitter:label1\" content=\"Tiempo de lectura\" \/>\n\t<meta name=\"twitter:data1\" content=\"5 minutos\" \/>\n<script type=\"application\/ld+json\" class=\"yoast-schema-graph\">{\"@context\":\"https:\/\/schema.org\",\"@graph\":[{\"@type\":\"WebPage\",\"@id\":\"https:\/\/hotelcosmopolitain.com\/es\/contacto\/\",\"url\":\"https:\/\/hotelcosmopolitain.com\/es\/contacto\/\",\"name\":\"Contacto - Hotel Cosmopolitain - Biarritz - France\",\"isPartOf\":{\"@id\":\"https:\/\/hotelcosmopolitain.com\/es\/#website\"},\"datePublished\":\"2019-12-06T08:38:04+00:00\",\"dateModified\":\"2019-12-06T09:45:32+00:00\",\"description\":\"1 Rue Gambetta - 64200 Biarritz +33(0)5.59.24.04.89 info@hotelcosmopolitain.com\",\"breadcrumb\":{\"@id\":\"https:\/\/hotelcosmopolitain.com\/es\/contacto\/#breadcrumb\"},\"inLanguage\":\"es\",\"potentialAction\":[{\"@type\":\"ReadAction\",\"target\":[\"https:\/\/hotelcosmopolitain.com\/es\/contacto\/\"]}]},{\"@type\":\"BreadcrumbList\",\"@id\":\"https:\/\/hotelcosmopolitain.com\/es\/contacto\/#breadcrumb\",\"itemListElement\":[{\"@type\":\"ListItem\",\"position\":1,\"name\":\"Accueil\",\"item\":\"https:\/\/hotelcosmopolitain.com\/es\/\"},{\"@type\":\"ListItem\",\"position\":2,\"name\":\"Contacto\"}]},{\"@type\":\"WebSite\",\"@id\":\"https:\/\/hotelcosmopolitain.com\/es\/#website\",\"url\":\"https:\/\/hotelcosmopolitain.com\/es\/\",\"name\":\"Hotel Cosmopolitain\",\"description\":\"Biarritz - France\",\"alternateName\":\"Hotel Cosmopolitain\",\"potentialAction\":[{\"@type\":\"SearchAction\",\"target\":{\"@type\":\"EntryPoint\",\"urlTemplate\":\"https:\/\/hotelcosmopolitain.com\/es\/?s={search_term_string}\"},\"query-input\":\"required name=search_term_string\"}],\"inLanguage\":\"es\"}]}<\/script>\n<!-- \/ Yoast SEO plugin. -->","yoast_head_json":{"title":"Contacto - Hotel Cosmopolitain - Biarritz - France","description":"1 Rue Gambetta - 64200 Biarritz +33(0)5.59.24.04.89 info@hotelcosmopolitain.com","robots":{"index":"index","follow":"follow","max-snippet":"max-snippet:-1","max-image-preview":"max-image-preview:large","max-video-preview":"max-video-preview:-1"},"canonical":"https:\/\/hotelcosmopolitain.com\/es\/contacto\/","og_locale":"es_ES","og_type":"article","og_title":"Contacto - Hotel Cosmopolitain - Biarritz - France","og_description":"1 Rue Gambetta - 64200 Biarritz +33(0)5.59.24.04.89 info@hotelcosmopolitain.com","og_url":"https:\/\/hotelcosmopolitain.com\/es\/contacto\/","og_site_name":"Hotel Cosmopolitain","article_modified_time":"2019-12-06T09:45:32+00:00","og_image":[{"width":512,"height":512,"url":"https:\/\/hotelcosmopolitain.com\/wp-content\/uploads\/2019\/06\/cropped-picto_Hotel_cosmopolitain-biarritz.png","type":"image\/png"}],"twitter_card":"summary_large_image","twitter_misc":{"Tiempo de lectura":"5 minutos"},"schema":{"@context":"https:\/\/schema.org","@graph":[{"@type":"WebPage","@id":"https:\/\/hotelcosmopolitain.com\/es\/contacto\/","url":"https:\/\/hotelcosmopolitain.com\/es\/contacto\/","name":"Contacto - Hotel Cosmopolitain - Biarritz - France","isPartOf":{"@id":"https:\/\/hotelcosmopolitain.com\/es\/#website"},"datePublished":"2019-12-06T08:38:04+00:00","dateModified":"2019-12-06T09:45:32+00:00","description":"1 Rue Gambetta - 64200 Biarritz +33(0)5.59.24.04.89 info@hotelcosmopolitain.com","breadcrumb":{"@id":"https:\/\/hotelcosmopolitain.com\/es\/contacto\/#breadcrumb"},"inLanguage":"es","potentialAction":[{"@type":"ReadAction","target":["https:\/\/hotelcosmopolitain.com\/es\/contacto\/"]}]},{"@type":"BreadcrumbList","@id":"https:\/\/hotelcosmopolitain.com\/es\/contacto\/#breadcrumb","itemListElement":[{"@type":"ListItem","position":1,"name":"Accueil","item":"https:\/\/hotelcosmopolitain.com\/es\/"},{"@type":"ListItem","position":2,"name":"Contacto"}]},{"@type":"WebSite","@id":"https:\/\/hotelcosmopolitain.com\/es\/#website","url":"https:\/\/hotelcosmopolitain.com\/es\/","name":"Hotel Cosmopolitain","description":"Biarritz - France","alternateName":"Hotel Cosmopolitain","potentialAction":[{"@type":"SearchAction","target":{"@type":"EntryPoint","urlTemplate":"https:\/\/hotelcosmopolitain.com\/es\/?s={search_term_string}"},"query-input":"required name=search_term_string"}],"inLanguage":"es"}]}},"_links":{"self":[{"href":"https:\/\/hotelcosmopolitain.com\/es\/wp-json\/wp\/v2\/pages\/632"}],"collection":[{"href":"https:\/\/hotelcosmopolitain.com\/es\/wp-json\/wp\/v2\/pages"}],"about":[{"href":"https:\/\/hotelcosmopolitain.com\/es\/wp-json\/wp\/v2\/types\/page"}],"author":[{"embeddable":true,"href":"https:\/\/hotelcosmopolitain.com\/es\/wp-json\/wp\/v2\/users\/4"}],"replies":[{"embeddable":true,"href":"https:\/\/hotelcosmopolitain.com\/es\/wp-json\/wp\/v2\/comments?post=632"}],"version-history":[{"count":5,"href":"https:\/\/hotelcosmopolitain.com\/es\/wp-json\/wp\/v2\/pages\/632\/revisions"}],"predecessor-version":[{"id":661,"href":"https:\/\/hotelcosmopolitain.com\/es\/wp-json\/wp\/v2\/pages\/632\/revisions\/661"}],"wp:attachment":[{"href":"https:\/\/hotelcosmopolitain.com\/es\/wp-json\/wp\/v2\/media?parent=632"}],"curies":[{"name":"wp","href":"https:\/\/api.w.org\/{rel}","templated":true}]}}