{"id":634,"date":"2019-12-06T09:41:14","date_gmt":"2019-12-06T08:41:14","guid":{"rendered":"https:\/\/hotelcosmopolitain.com\/aviso-legal\/"},"modified":"2019-12-06T09:44:19","modified_gmt":"2019-12-06T08:44:19","slug":"aviso-legal","status":"publish","type":"page","link":"https:\/\/hotelcosmopolitain.com\/es\/aviso-legal\/","title":{"rendered":"Aviso legal"},"content":{"rendered":"<p>[et_pb_section fb_built=\u00bb1&#8243; _builder_version=\u00bb3.24.1&#8243; background_color=\u00bbrgba(0,0,0,0.02)\u00bb custom_padding=\u00bb0px|0px|0px|0px||\u00bb][et_pb_row column_structure=\u00bb1_2,1_2&#8243; use_custom_gutter=\u00bbon\u00bb gutter_width=\u00bb1&#8243; custom_padding=\u00bb0px||0px||true\u00bb custom_margin=\u00bb0px||0px||true\u00bb make_equal=\u00bbon\u00bb custom_padding_last_edited=\u00bbon|desktop\u00bb padding_top_bottom_link_1=\u00bbtrue\u00bb padding_top_bottom_link_2=\u00bbtrue\u00bb padding_left_right_link_2=\u00bbtrue\u00bb _builder_version=\u00bb3.26.2&#8243; background_color=\u00bb#ffffff\u00bb width=\u00bb100%\u00bb max_width=\u00bb1500px\u00bb module_alignment=\u00bbcenter\u00bb][et_pb_column type=\u00bb1_2&#8243; module_class=\u00bbv-center et_pb_row_fullwidth\u00bb _builder_version=\u00bb3.26.2&#8243; background_color=\u00bb#100c08&#8243; custom_padding=\u00bb33%||33%|\u00bb custom_padding_tablet=\u00bb6%||6%||true\u00bb custom_padding_last_edited=\u00bbon|tablet\u00bb custom_padding__hover=\u00bb|||\u00bb][et_pb_image src=\u00bbhttps:\/\/hotelcosmopolitain.com\/wp-content\/uploads\/2019\/06\/picto_Hotel_cosmopolitain.png\u00bb align=\u00bbcenter\u00bb disabled_on=\u00bboff|off|off\u00bb _builder_version=\u00bb3.24.1&#8243; background_color=\u00bbrgba(0,0,0,0)\u00bb][\/et_pb_image][\/et_pb_column][et_pb_column type=\u00bb1_2&#8243; _builder_version=\u00bb3.25&#8243; custom_padding=\u00bb3%|3%|3%|3%\u00bb custom_padding_tablet=\u00bb75px||75px||true\u00bb custom_padding_phone=\u00bb50px||50px||true\u00bb custom_padding_last_edited=\u00bbon|tablet\u00bb custom_padding__hover=\u00bb|||\u00bb][et_pb_text _builder_version=\u00bb3.24.1&#8243; text_font=\u00bb||||||||\u00bb header_font=\u00bb||||||||\u00bb header_2_font=\u00bb|||on|||||\u00bb header_2_text_align=\u00bbcenter\u00bb header_2_font_size=\u00bb20px\u00bb]<\/p>\n<h2>Aviso legal<\/h2>\n<p>[\/et_pb_text][et_pb_divider _builder_version=\u00bb3.26.2&#8243; width=\u00bb50%\u00bb module_alignment=\u00bbcenter\u00bb custom_margin=\u00bb||40px||false|false\u00bb][\/et_pb_divider][et_pb_text _builder_version=\u00bb3.26.2&#8243; text_font=\u00bb||||||||\u00bb text_text_align=\u00bbleft\u00bb custom_margin=\u00bb||100px\u00bb header_2_line_height=\u00bb1.7em\u00bb]<\/p>\n<h2>Sitio Internet SARL ALFH<\/h2>\n<p>Sede social :\u00a01\u00a0rue gambetta 64200 Biarritz<br \/>\nT\u00e9l\u00e9phone :\u00a005\u00a059 24 04 89<br \/>\nMail :\u00a0info@hotelcosmopolitain.com<br \/>\nCapital social :\u00a01 700 000,00 \u20ac<br \/>\nSIRET :\u00a0848 344 354 000 16<br \/>\nRCS 848 344 354 R.C.S Bayoone<br \/>\nTVA : FR36 84 83 44 354<\/p>\n<h2>Responsable de publicaci\u00f3n :<\/h2>\n<p><strong>Arnaud LABEDAN<\/strong><\/p>\n<h2>Creaci\u00f3n del sitio\u00a0:<\/h2>\n<p><a href=\"https:\/\/3615sharon.com\" target=\"_blank\" rel=\"noopener noreferrer\">3615Sharon<\/a><\/p>\n<h2>Cr\u00e9ditos de fotos :<\/h2>\n<p><a href=\"https:\/\/www.euskalzoom360.fr\" target=\"_blank\" rel=\"noopener noreferrer\">Jean-Christophe DUGUET<\/a><\/p>\n<h2><\/h2>\n<h2>Alojamiento web :<\/h2>\n<p><strong>OVH<\/strong><br \/>\nT\u00e9l\u00e9phone :\u00a01007<br \/>\nAdresse :\u00a02 rue Kellermann\u00a059100 ROUBAIX<\/p>\n<h2>Propiedad :<\/h2>\n<p>El sitio web y la informaci\u00f3n que contiene est\u00e1n protegidos por la ley francesa de propiedad intelectual y los convenios internacionales. La reproducci\u00f3n, publicaci\u00f3n, transcripci\u00f3n, modificaci\u00f3n o retransmisi\u00f3n de este sitio web y los elementos que contiene, sin el previo permiso de los titulares de los derechos, est\u00e1n prohibidas, salvo si se utilizan en el \u00e1mbito familiar o privado.[\/et_pb_text][\/et_pb_column][\/et_pb_row][\/et_pb_section][et_pb_section fb_built=\u00bb1&#8243; _builder_version=\u00bb3.24.1&#8243; background_color=\u00bbrgba(0,0,0,0.02)\u00bb border_color_top=\u00bb#c7b98f\u00bb border_color_bottom=\u00bb#c7b98f\u00bb custom_padding=\u00bb0px||0px||true\u00bb global_module=\u00bb43&#8243; saved_tabs=\u00bball\u00bb][et_pb_row use_custom_gutter=\u00bbon\u00bb gutter_width=\u00bb1&#8243; _builder_version=\u00bb3.25&#8243; background_color=\u00bb#ffffff\u00bb border_width_top=\u00bb1px\u00bb border_color_top=\u00bb#c7b98f\u00bb border_width_bottom=\u00bb1px\u00bb border_color_bottom=\u00bb#c7b98f\u00bb width=\u00bb100%\u00bb max_width=\u00bb1500px\u00bb][et_pb_column type=\u00bb4_4&#8243; _builder_version=\u00bb3.25&#8243; custom_padding=\u00bb|||\u00bb custom_padding__hover=\u00bb|||\u00bb][et_pb_image src=\u00bbhttps:\/\/hotelcosmopolitain.com\/wp-content\/uploads\/2019\/06\/picto_Hotel_cosmopolitain-biarritz.png\u00bb align=\u00bbcenter\u00bb _builder_version=\u00bb3.24&#8243; width=\u00bb150px\u00bb][\/et_pb_image][\/et_pb_column][\/et_pb_row][\/et_pb_section][et_pb_section fb_built=\u00bb1&#8243; disabled_on=\u00bbon|on|off\u00bb _builder_version=\u00bb3.24.1&#8243; background_color=\u00bbrgba(0,0,0,0.02)\u00bb custom_padding=\u00bb0px||0px|||\u00bb global_module=\u00bb44&#8243; saved_tabs=\u00bball\u00bb][et_pb_row column_structure=\u00bb1_2,1_2&#8243; custom_padding=\u00bb|20px||20px||true\u00bb make_equal=\u00bbon\u00bb _builder_version=\u00bb3.25&#8243; background_color=\u00bb#ffffff\u00bb width=\u00bb100%\u00bb max_width=\u00bb1500px\u00bb][et_pb_column type=\u00bb1_2&#8243; _builder_version=\u00bb3.25&#8243; custom_padding=\u00bb|||\u00bb custom_padding__hover=\u00bb|||\u00bb][et_pb_image src=\u00bbhttps:\/\/hotelcosmopolitain.com\/wp-content\/uploads\/2019\/06\/Logo-hotel-cosmopolitain-biarritz-M-OR.png\u00bb _builder_version=\u00bb3.24.1&#8243; width=\u00bb200px\u00bb][\/et_pb_image][et_pb_text _builder_version=\u00bb3.26.2&#8243; header_font=\u00bb||||||||\u00bb header_4_font=\u00bb||||||||\u00bb header_4_font_size=\u00bb13px\u00bb]<\/p>\n<h4>1 Rue Gambetta, 64200 Biarritz<\/h4>\n<h4>+33 5 59 24 04 89 (Abierto todos los d\u00edas de la semana)<\/h4>\n<h4><a href=\"mailto:info@hotelcosmopolitain.com\" target=\"_blank\" rel=\"noopener noreferrer\">info@hotelcosmopolitain.com<\/a><\/h4>\n<h4><span style=\"color: #c7b98f;\"><a href=\"https:\/\/hotelcosmopolitain.com\/es\/aviso-legal\/\" style=\"color: #c7b98f;\">Aviso legal<\/a><\/span><\/h4>\n<p>[\/et_pb_text][\/et_pb_column][et_pb_column type=\u00bb1_2&#8243; _builder_version=\u00bb3.25&#8243; custom_padding=\u00bb|||\u00bb custom_padding__hover=\u00bb|||\u00bb][et_pb_social_media_follow _builder_version=\u00bb3.24.1&#8243; text_orientation=\u00bbright\u00bb][et_pb_social_media_follow_network social_network=\u00bbfacebook\u00bb url=\u00bbhttps:\/\/www.facebook.com\/hotelcosmopolitain\u00bb _builder_version=\u00bb3.24.1&#8243; background_color=\u00bb#c7b98f\u00bb follow_button=\u00bboff\u00bb url_new_window=\u00bbon\u00bb]facebook[\/et_pb_social_media_follow_network][et_pb_social_media_follow_network social_network=\u00bbinstagram\u00bb url=\u00bbhttps:\/\/www.instagram.com\/hotelcosmopolitain\/\u00bb _builder_version=\u00bb3.24.1&#8243; background_color=\u00bb#c7b98f\u00bb follow_button=\u00bboff\u00bb url_new_window=\u00bbon\u00bb]instagram[\/et_pb_social_media_follow_network][et_pb_social_media_follow_network social_network=\u00bblinkedin\u00bb url=\u00bbhttps:\/\/www.linkedin.com\/company\/h%C3%B4tel-cosmopolitain-biarritz\/\u00bb _builder_version=\u00bb3.24.1&#8243; background_color=\u00bb#c7b98f\u00bb follow_button=\u00bboff\u00bb url_new_window=\u00bbon\u00bb]linkedin[\/et_pb_social_media_follow_network][\/et_pb_social_media_follow][et_pb_text _builder_version=\u00bb3.24.1&#8243; header_font=\u00bb||||||||\u00bb header_4_font=\u00bb||||||||\u00bb header_4_text_align=\u00bbright\u00bb header_4_text_color=\u00bb#c7b98f\u00bb header_4_font_size=\u00bb13px\u00bb custom_css_main_element=\u00bbposition: absolute; ||bottom: 0; ||right: 0;||margin: auto;\u00bb]<\/p>\n<h4>Creaci\u00f3n del sitio<a href=\"https:\/\/3615sharon.com\" target=\"_blank\" rel=\"noopener noreferrer\" title=\"Website creation\">3615Sharon<\/a><\/h4>\n<p>[\/et_pb_text][\/et_pb_column][\/et_pb_row][\/et_pb_section][et_pb_section fb_built=\u00bb1&#8243; disabled_on=\u00bboff|off|on\u00bb _builder_version=\u00bb3.26.2&#8243; global_module=\u00bb87&#8243; saved_tabs=\u00bball\u00bb][et_pb_row _builder_version=\u00bb3.25&#8243;][et_pb_column type=\u00bb4_4&#8243; _builder_version=\u00bb3.25&#8243; custom_padding=\u00bb|||\u00bb custom_padding__hover=\u00bb|||\u00bb][et_pb_image src=\u00bbhttps:\/\/hotelcosmopolitain.com\/wp-content\/uploads\/2019\/06\/Logo-hotel-cosmopolitain-biarritz-M-OR.png\u00bb align=\u00bbcenter\u00bb _builder_version=\u00bb3.24&#8243; width=\u00bb200px\u00bb][\/et_pb_image][et_pb_text _builder_version=\u00bb3.24.1&#8243; header_font=\u00bb||||||||\u00bb header_4_font=\u00bb||||||||\u00bb header_4_text_align=\u00bbcenter\u00bb header_4_font_size=\u00bb13px\u00bb]<\/p>\n<h4>1 Rue Gambetta, 64200 Biarritz<\/h4>\n<h4>+33 5 59 24 04 89 (Abierto todos los d\u00edas de la semana)<\/h4>\n<h4><a href=\"mailto:info@hotelcosmopolitain.com\" target=\"_blank\" rel=\"noopener noreferrer\">info@hotelcosmopolitain.com<\/a><\/h4>\n<p>[\/et_pb_text][et_pb_social_media_follow _builder_version=\u00bb3.24.1&#8243; text_orientation=\u00bbcenter\u00bb][et_pb_social_media_follow_network social_network=\u00bbfacebook\u00bb url=\u00bbhttps:\/\/www.facebook.com\/hotelcosmopolitain\u00bb _builder_version=\u00bb3.24.1&#8243; background_color=\u00bb#c7b98f\u00bb follow_button=\u00bboff\u00bb url_new_window=\u00bbon\u00bb]facebook[\/et_pb_social_media_follow_network][et_pb_social_media_follow_network social_network=\u00bbinstagram\u00bb url=\u00bbhttps:\/\/www.instagram.com\/hotelcosmopolitain\/\u00bb _builder_version=\u00bb3.24.1&#8243; background_color=\u00bb#c7b98f\u00bb follow_button=\u00bboff\u00bb url_new_window=\u00bbon\u00bb]instagram[\/et_pb_social_media_follow_network][et_pb_social_media_follow_network social_network=\u00bblinkedin\u00bb url=\u00bbhttps:\/\/www.linkedin.com\/company\/h%C3%B4tel-cosmopolitain-biarritz\/\u00bb _builder_version=\u00bb3.24.1&#8243; background_color=\u00bb#c7b98f\u00bb follow_button=\u00bboff\u00bb url_new_window=\u00bbon\u00bb]linkedin[\/et_pb_social_media_follow_network][\/et_pb_social_media_follow][et_pb_text _builder_version=\u00bb3.24.1&#8243; header_font=\u00bb||||||||\u00bb header_4_font=\u00bb||||||||\u00bb header_4_text_align=\u00bbcenter\u00bb header_4_text_color=\u00bb#c7b98f\u00bb header_4_font_size=\u00bb13px\u00bb]<\/p>\n<h4>Creaci\u00f3n del sitio<a href=\"https:\/\/3615sharon.com\" target=\"_blank\" rel=\"noopener noreferrer\" title=\"Website creation\">3615Sharon<\/a><\/h4>\n<p>[\/et_pb_text][\/et_pb_column][\/et_pb_row][\/et_pb_section]<\/p>\n","protected":false},"excerpt":{"rendered":"<p>Aviso legalSitio Internet SARL ALFH Sede social :\u00a01\u00a0rue gambetta 64200 Biarritz T\u00e9l\u00e9phone :\u00a005\u00a059 24 04 89 Mail :\u00a0info@hotelcosmopolitain.com Capital social :\u00a01 700 000,00 \u20ac SIRET :\u00a0848 344 354 000 16 RCS 848 344 354 R.C.S Bayoone TVA : FR36 84 83 44 354 Responsable de publicaci\u00f3n : Arnaud LABEDAN Creaci\u00f3n del sitio\u00a0: 3615Sharon Cr\u00e9ditos de [&hellip;]<\/p>\n","protected":false},"author":4,"featured_media":0,"parent":0,"menu_order":0,"comment_status":"closed","ping_status":"closed","template":"","meta":{"_et_pb_use_builder":"on","_et_pb_old_content":"","_et_gb_content_width":""},"yoast_head":"<!-- This site is optimized with the Yoast SEO plugin v20.9 - https:\/\/yoast.com\/wordpress\/plugins\/seo\/ -->\n<title>Aviso legal - Hotel Cosmopolitain<\/title>\n<meta name=\"description\" content=\"Arnaud Labedan - Creaci\u00f3n del sitio : 3615Sharon - https:\/\/3615sharon.com - H\u00e9bergement OVH\" \/>\n<meta name=\"robots\" content=\"index, follow, max-snippet:-1, max-image-preview:large, max-video-preview:-1\" \/>\n<link rel=\"canonical\" href=\"https:\/\/hotelcosmopolitain.com\/es\/aviso-legal\/\" \/>\n<meta property=\"og:locale\" content=\"es_ES\" \/>\n<meta property=\"og:type\" content=\"article\" \/>\n<meta property=\"og:title\" content=\"Aviso legal - Hotel Cosmopolitain\" \/>\n<meta property=\"og:description\" content=\"Arnaud Labedan - Creaci\u00f3n del sitio : 3615Sharon - https:\/\/3615sharon.com - H\u00e9bergement OVH\" \/>\n<meta property=\"og:url\" content=\"https:\/\/hotelcosmopolitain.com\/es\/aviso-legal\/\" \/>\n<meta property=\"og:site_name\" content=\"Hotel Cosmopolitain\" \/>\n<meta property=\"article:modified_time\" content=\"2019-12-06T08:44:19+00:00\" \/>\n<meta property=\"og:image\" content=\"https:\/\/hotelcosmopolitain.com\/wp-content\/uploads\/2019\/06\/cropped-picto_Hotel_cosmopolitain-biarritz.png\" \/>\n\t<meta property=\"og:image:width\" content=\"512\" \/>\n\t<meta property=\"og:image:height\" content=\"512\" \/>\n\t<meta property=\"og:image:type\" content=\"image\/png\" \/>\n<meta name=\"twitter:card\" content=\"summary_large_image\" \/>\n<meta name=\"twitter:label1\" content=\"Tiempo de lectura\" \/>\n\t<meta name=\"twitter:data1\" content=\"5 minutos\" \/>\n<script type=\"application\/ld+json\" class=\"yoast-schema-graph\">{\"@context\":\"https:\/\/schema.org\",\"@graph\":[{\"@type\":\"WebPage\",\"@id\":\"https:\/\/hotelcosmopolitain.com\/es\/aviso-legal\/\",\"url\":\"https:\/\/hotelcosmopolitain.com\/es\/aviso-legal\/\",\"name\":\"Aviso legal - Hotel Cosmopolitain\",\"isPartOf\":{\"@id\":\"https:\/\/hotelcosmopolitain.com\/es\/#website\"},\"datePublished\":\"2019-12-06T08:41:14+00:00\",\"dateModified\":\"2019-12-06T08:44:19+00:00\",\"description\":\"Arnaud Labedan - Creaci\u00f3n del sitio : 3615Sharon - https:\/\/3615sharon.com - H\u00e9bergement OVH\",\"breadcrumb\":{\"@id\":\"https:\/\/hotelcosmopolitain.com\/es\/aviso-legal\/#breadcrumb\"},\"inLanguage\":\"es\",\"potentialAction\":[{\"@type\":\"ReadAction\",\"target\":[\"https:\/\/hotelcosmopolitain.com\/es\/aviso-legal\/\"]}]},{\"@type\":\"BreadcrumbList\",\"@id\":\"https:\/\/hotelcosmopolitain.com\/es\/aviso-legal\/#breadcrumb\",\"itemListElement\":[{\"@type\":\"ListItem\",\"position\":1,\"name\":\"Accueil\",\"item\":\"https:\/\/hotelcosmopolitain.com\/es\/\"},{\"@type\":\"ListItem\",\"position\":2,\"name\":\"Aviso legal\"}]},{\"@type\":\"WebSite\",\"@id\":\"https:\/\/hotelcosmopolitain.com\/es\/#website\",\"url\":\"https:\/\/hotelcosmopolitain.com\/es\/\",\"name\":\"Hotel Cosmopolitain\",\"description\":\"Biarritz - France\",\"alternateName\":\"Hotel Cosmopolitain\",\"potentialAction\":[{\"@type\":\"SearchAction\",\"target\":{\"@type\":\"EntryPoint\",\"urlTemplate\":\"https:\/\/hotelcosmopolitain.com\/es\/?s={search_term_string}\"},\"query-input\":\"required name=search_term_string\"}],\"inLanguage\":\"es\"}]}<\/script>\n<!-- \/ Yoast SEO plugin. -->","yoast_head_json":{"title":"Aviso legal - Hotel Cosmopolitain","description":"Arnaud Labedan - Creaci\u00f3n del sitio : 3615Sharon - https:\/\/3615sharon.com - H\u00e9bergement OVH","robots":{"index":"index","follow":"follow","max-snippet":"max-snippet:-1","max-image-preview":"max-image-preview:large","max-video-preview":"max-video-preview:-1"},"canonical":"https:\/\/hotelcosmopolitain.com\/es\/aviso-legal\/","og_locale":"es_ES","og_type":"article","og_title":"Aviso legal - Hotel Cosmopolitain","og_description":"Arnaud Labedan - Creaci\u00f3n del sitio : 3615Sharon - https:\/\/3615sharon.com - H\u00e9bergement OVH","og_url":"https:\/\/hotelcosmopolitain.com\/es\/aviso-legal\/","og_site_name":"Hotel Cosmopolitain","article_modified_time":"2019-12-06T08:44:19+00:00","og_image":[{"width":512,"height":512,"url":"https:\/\/hotelcosmopolitain.com\/wp-content\/uploads\/2019\/06\/cropped-picto_Hotel_cosmopolitain-biarritz.png","type":"image\/png"}],"twitter_card":"summary_large_image","twitter_misc":{"Tiempo de lectura":"5 minutos"},"schema":{"@context":"https:\/\/schema.org","@graph":[{"@type":"WebPage","@id":"https:\/\/hotelcosmopolitain.com\/es\/aviso-legal\/","url":"https:\/\/hotelcosmopolitain.com\/es\/aviso-legal\/","name":"Aviso legal - Hotel Cosmopolitain","isPartOf":{"@id":"https:\/\/hotelcosmopolitain.com\/es\/#website"},"datePublished":"2019-12-06T08:41:14+00:00","dateModified":"2019-12-06T08:44:19+00:00","description":"Arnaud Labedan - Creaci\u00f3n del sitio : 3615Sharon - https:\/\/3615sharon.com - H\u00e9bergement OVH","breadcrumb":{"@id":"https:\/\/hotelcosmopolitain.com\/es\/aviso-legal\/#breadcrumb"},"inLanguage":"es","potentialAction":[{"@type":"ReadAction","target":["https:\/\/hotelcosmopolitain.com\/es\/aviso-legal\/"]}]},{"@type":"BreadcrumbList","@id":"https:\/\/hotelcosmopolitain.com\/es\/aviso-legal\/#breadcrumb","itemListElement":[{"@type":"ListItem","position":1,"name":"Accueil","item":"https:\/\/hotelcosmopolitain.com\/es\/"},{"@type":"ListItem","position":2,"name":"Aviso legal"}]},{"@type":"WebSite","@id":"https:\/\/hotelcosmopolitain.com\/es\/#website","url":"https:\/\/hotelcosmopolitain.com\/es\/","name":"Hotel Cosmopolitain","description":"Biarritz - France","alternateName":"Hotel Cosmopolitain","potentialAction":[{"@type":"SearchAction","target":{"@type":"EntryPoint","urlTemplate":"https:\/\/hotelcosmopolitain.com\/es\/?s={search_term_string}"},"query-input":"required name=search_term_string"}],"inLanguage":"es"}]}},"_links":{"self":[{"href":"https:\/\/hotelcosmopolitain.com\/es\/wp-json\/wp\/v2\/pages\/634"}],"collection":[{"href":"https:\/\/hotelcosmopolitain.com\/es\/wp-json\/wp\/v2\/pages"}],"about":[{"href":"https:\/\/hotelcosmopolitain.com\/es\/wp-json\/wp\/v2\/types\/page"}],"author":[{"embeddable":true,"href":"https:\/\/hotelcosmopolitain.com\/es\/wp-json\/wp\/v2\/users\/4"}],"replies":[{"embeddable":true,"href":"https:\/\/hotelcosmopolitain.com\/es\/wp-json\/wp\/v2\/comments?post=634"}],"version-history":[{"count":3,"href":"https:\/\/hotelcosmopolitain.com\/es\/wp-json\/wp\/v2\/pages\/634\/revisions"}],"predecessor-version":[{"id":646,"href":"https:\/\/hotelcosmopolitain.com\/es\/wp-json\/wp\/v2\/pages\/634\/revisions\/646"}],"wp:attachment":[{"href":"https:\/\/hotelcosmopolitain.com\/es\/wp-json\/wp\/v2\/media?parent=634"}],"curies":[{"name":"wp","href":"https:\/\/api.w.org\/{rel}","templated":true}]}}